{"id":2,"date":"2026-02-04T08:52:50","date_gmt":"2026-02-04T08:52:50","guid":{"rendered":"https:\/\/rogersolernou.rkinformatika.online\/?page_id=2"},"modified":"2026-03-30T16:17:13","modified_gmt":"2026-03-30T16:17:13","slug":"inicio","status":"publish","type":"page","link":"https:\/\/rogersolernou.cat\/es\/","title":{"rendered":"Inicio"},"content":{"rendered":"<div data-elementor-type=\"wp-page\" data-elementor-id=\"2\" class=\"elementor elementor-2\" data-elementor-post-type=\"page\">\n\t\t\t\t<div class=\"elementor-element elementor-element-c0095a9 e-flex e-con-boxed e-con e-parent\" data-id=\"c0095a9\" data-element_type=\"container\" data-e-type=\"container\" data-settings=\"{&quot;background_background&quot;:&quot;classic&quot;}\">\n\t\t\t\t\t<div class=\"e-con-inner\">\n\t\t<div class=\"elementor-element elementor-element-827a3e1 e-con-full e-flex e-con e-child\" data-id=\"827a3e1\" data-element_type=\"container\" data-e-type=\"container\">\n\t\t\t\t<div class=\"elementor-element elementor-element-be47d7c elementor-widget elementor-widget-heading\" data-id=\"be47d7c\" data-element_type=\"widget\" data-e-type=\"widget\" data-widget_type=\"heading.default\">\n\t\t\t\t\t<h2 class=\"elementor-heading-title elementor-size-default\">Acompa\u00f1amiento psicoterap\u00e9utico individual y grupal.<\/h2>\t\t\t\t<\/div>\n\t\t\t\t<div class=\"elementor-element elementor-element-2a82a2c elementor-widget elementor-widget-heading\" data-id=\"2a82a2c\" data-element_type=\"widget\" data-e-type=\"widget\" data-widget_type=\"heading.default\">\n\t\t\t\t\t<h2 class=\"elementor-heading-title elementor-size-default\">Terapia Gestalt con perspectiva de g\u00e9nero, terapia sist\u00e9mica y reprocesamiento del trauma.<\/h2>\t\t\t\t<\/div>\n\t\t\t\t<div class=\"elementor-element elementor-element-70c87cc elementor-widget elementor-widget-heading\" data-id=\"70c87cc\" data-element_type=\"widget\" data-e-type=\"widget\" data-widget_type=\"heading.default\">\n\t\t\t\t\t<h2 class=\"elementor-heading-title elementor-size-default\">Formaci\u00f3n en masculinidades<\/h2>\t\t\t\t<\/div>\n\t\t\t\t<div class=\"elementor-element elementor-element-a9a7160 elementor-invisible elementor-widget elementor-widget-button\" data-id=\"a9a7160\" data-element_type=\"widget\" data-e-type=\"widget\" data-settings=\"{&quot;_animation&quot;:&quot;fadeInLeft&quot;}\" data-widget_type=\"button.default\">\n\t\t\t\t\t\t\t\t\t\t<a class=\"elementor-button elementor-button-link elementor-size-sm elementor-animation-float\" href=\"\/es\/servicios\/#ancla_servicios\">\n\t\t\t\t\t\t<span class=\"elementor-button-content-wrapper\">\n\t\t\t\t\t\t\t\t\t<span class=\"elementor-button-text\">Servicios<\/span>\n\t\t\t\t\t<\/span>\n\t\t\t\t\t<\/a>\n\t\t\t\t\t\t\t\t<\/div>\n\t\t\t\t<\/div>\n\t\t<div class=\"elementor-element elementor-element-ceba512 e-con-full e-flex e-con e-child\" data-id=\"ceba512\" data-element_type=\"container\" data-e-type=\"container\">\n\t\t\t\t<div class=\"elementor-element elementor-element-bb3aa88 elementor-absolute elementor-widget elementor-widget-image\" data-id=\"bb3aa88\" data-element_type=\"widget\" data-e-type=\"widget\" data-settings=\"{&quot;_position&quot;:&quot;absolute&quot;}\" data-widget_type=\"image.default\">\n\t\t\t\t\t\t\t\t\t\t\t\t\t\t\t<img fetchpriority=\"high\" decoding=\"async\" width=\"444\" height=\"562\" src=\"https:\/\/rogersolernou.cat\/wp-content\/uploads\/2026\/03\/foto1-removebg-preview.png\" class=\"attachment-large size-large wp-image-836\" alt=\"\" srcset=\"https:\/\/rogersolernou.cat\/wp-content\/uploads\/2026\/03\/foto1-removebg-preview.png 444w, https:\/\/rogersolernou.cat\/wp-content\/uploads\/2026\/03\/foto1-removebg-preview-237x300.png 237w, https:\/\/rogersolernou.cat\/wp-content\/uploads\/2026\/03\/foto1-removebg-preview-9x12.png 9w\" sizes=\"(max-width: 444px) 100vw, 444px\" \/>\t\t\t\t\t\t\t\t\t\t\t\t\t\t\t<\/div>\n\t\t\t\t<\/div>\n\t\t\t\t\t<\/div>\n\t\t\t\t<\/div>\n\t\t<div class=\"elementor-element elementor-element-7516eba e-flex e-con-boxed e-con e-parent\" data-id=\"7516eba\" data-element_type=\"container\" data-e-type=\"container\" data-settings=\"{&quot;background_background&quot;:&quot;classic&quot;}\">\n\t\t\t\t\t<div class=\"e-con-inner\">\n\t\t<div class=\"elementor-element elementor-element-9e277d3 e-con-full e-flex e-con e-child\" data-id=\"9e277d3\" data-element_type=\"container\" data-e-type=\"container\">\n\t\t\t\t<div class=\"elementor-element elementor-element-d7d4e7f elementor-widget elementor-widget-heading\" data-id=\"d7d4e7f\" data-element_type=\"widget\" data-e-type=\"widget\" data-widget_type=\"heading.default\">\n\t\t\t\t\t<h2 class=\"elementor-heading-title elementor-size-default\">Acerca de m\u00ed<\/h2>\t\t\t\t<\/div>\n\t\t\t\t<div class=\"elementor-element elementor-element-880de7a elementor-widget elementor-widget-text-editor\" data-id=\"880de7a\" data-element_type=\"widget\" data-e-type=\"widget\" data-widget_type=\"text-editor.default\">\n\t\t\t\t\t\t\t\t\t<p>Soy psicoterapeuta humanista y me he formado en terapia Gestalt, terapia sist\u00e9mica, psicoterapia integrativa de Claudio Naranjo y ahora cursando 2\u00ba del m\u00e9todo Aleceia de reprocesamiento del trauma. He sido observador en la formaci\u00f3n de Gestalt del Espai Gestalt y Drala Gestalt de Barcelona.<\/p><p>Por otro lado, el activismo me llev\u00f3 a trabajar y profundizar en temas de g\u00e9nero hace ahora unos 20 a\u00f1os, hecho que me ha aportado la perspectiva de g\u00e9nero, profesionaliz\u00e1ndome en acompa\u00f1amiento a hombres.<\/p><p>La formaci\u00f3n de \u201cC\u00f3mo hablar a los ni\u00f1os\u201d de Julia Mateo y los tres a\u00f1os trabajados con la Diputaci\u00f3n de Girona en las AFAs me dieron las herramientas y experiencia en acompa\u00f1ar a las madres y padres en la crianza respetuosa.<\/p><p>La licenciatura de matem\u00e1ticas, la pr\u00e1ctica del Aikido, el Karate, la danza Butoh y el estudio de Pintura en la escuela Massana me han dado una base potente para profundizar tambi\u00e9n en la psicoterapia.<\/p>\t\t\t\t\t\t\t\t<\/div>\n\t\t\t\t<\/div>\n\t\t<div class=\"elementor-element elementor-element-e30275b e-con-full e-flex e-con e-child\" data-id=\"e30275b\" data-element_type=\"container\" data-e-type=\"container\">\n\t\t\t\t<div class=\"elementor-element elementor-element-6b416f5 elementor-widget elementor-widget-image\" data-id=\"6b416f5\" data-element_type=\"widget\" data-e-type=\"widget\" data-widget_type=\"image.default\">\n\t\t\t\t\t\t\t\t\t\t\t\t\t\t\t<img decoding=\"async\" width=\"640\" height=\"427\" src=\"https:\/\/rogersolernou.cat\/wp-content\/uploads\/2026\/02\/photo_2026-02-03_22-03-33-Roger-Solernou-Crusat.jpg\" class=\"attachment-large size-large wp-image-415\" alt=\"\" srcset=\"https:\/\/rogersolernou.cat\/wp-content\/uploads\/2026\/02\/photo_2026-02-03_22-03-33-Roger-Solernou-Crusat.jpg 640w, https:\/\/rogersolernou.cat\/wp-content\/uploads\/2026\/02\/photo_2026-02-03_22-03-33-Roger-Solernou-Crusat-300x200.jpg 300w, https:\/\/rogersolernou.cat\/wp-content\/uploads\/2026\/02\/photo_2026-02-03_22-03-33-Roger-Solernou-Crusat-18x12.jpg 18w\" sizes=\"(max-width: 640px) 100vw, 640px\" \/>\t\t\t\t\t\t\t\t\t\t\t\t\t\t\t<\/div>\n\t\t\t\t<div class=\"elementor-element elementor-element-681ef7c elementor-widget elementor-widget-text-editor\" data-id=\"681ef7c\" data-element_type=\"widget\" data-e-type=\"widget\" data-widget_type=\"text-editor.default\">\n\t\t\t\t\t\t\t\t\t<p>Empec\u00e9 acompa\u00f1ar a personas individualmente ahora har\u00e1 12 a\u00f1os y estoy muy contento de consolidar con los a\u00f1os esta preciosa profesi\u00f3n, que me apasiona, me llena y me da sentido.<\/p>\t\t\t\t\t\t\t\t<\/div>\n\t\t\t\t<\/div>\n\t\t\t\t\t<\/div>\n\t\t\t\t<\/div>\n\t\t<div class=\"elementor-element elementor-element-0e7578a e-flex e-con-boxed e-con e-parent\" data-id=\"0e7578a\" data-element_type=\"container\" data-e-type=\"container\" data-settings=\"{&quot;background_background&quot;:&quot;classic&quot;}\">\n\t\t\t\t\t<div class=\"e-con-inner\">\n\t\t\t\t<div class=\"elementor-element elementor-element-33c4a0b elementor-invisible elementor-widget elementor-widget-heading\" data-id=\"33c4a0b\" data-element_type=\"widget\" data-e-type=\"widget\" data-settings=\"{&quot;_animation&quot;:&quot;fadeInDown&quot;}\" data-widget_type=\"heading.default\">\n\t\t\t\t\t<h2 class=\"elementor-heading-title elementor-size-default\">Acompa\u00f1o procesos personales, grupales y formativos<\/h2>\t\t\t\t<\/div>\n\t\t\t\t<div class=\"elementor-element elementor-element-39eab20 elementor-align-center elementor-invisible elementor-widget elementor-widget-button\" data-id=\"39eab20\" data-element_type=\"widget\" data-e-type=\"widget\" data-settings=\"{&quot;_animation&quot;:&quot;fadeInLeft&quot;}\" data-widget_type=\"button.default\">\n\t\t\t\t\t\t\t\t\t\t<a class=\"elementor-button elementor-button-link elementor-size-sm elementor-animation-float\" href=\"\/es\/servicios\/\">\n\t\t\t\t\t\t<span class=\"elementor-button-content-wrapper\">\n\t\t\t\t\t\t\t\t\t<span class=\"elementor-button-text\">Servicios<\/span>\n\t\t\t\t\t<\/span>\n\t\t\t\t\t<\/a>\n\t\t\t\t\t\t\t\t<\/div>\n\t\t\t\t\t<\/div>\n\t\t\t\t<\/div>\n\t\t\t\t<\/div>","protected":false},"excerpt":{"rendered":"<p>Acompanyament psicoterap\u00e8utic individual i grupal. Ter\u00e0pia Gestalt amb perspectiva de g\u00e8nere, ter\u00e0pia sist\u00e8mica i reprocessament del trauma. Formaci\u00f3 en masculinitats Serveis Sobre mi S\u00f3c psicoterapeuta humanista i m&#8217;he format en ter\u00e0pia Gestalt, ter\u00e0pia sist\u00e8mica, psicoter\u00e0pia integrativa de Claudio Naranjo i ara cursant 2n del m\u00e8tode Aleceia de reprocessament del trauma. He sigut observador a la [&hellip;]<\/p>\n","protected":false},"author":1,"featured_media":0,"parent":0,"menu_order":0,"comment_status":"closed","ping_status":"closed","template":"elementor_canvas","meta":{"footnotes":""},"class_list":["post-2","page","type-page","status-publish","hentry"],"yoast_head":"<!-- This site is optimized with the Yoast SEO plugin v27.4 - https:\/\/yoast.com\/product\/yoast-seo-wordpress\/ -->\n<title>Inicio - Roger Solernou<\/title>\n<meta name=\"robots\" content=\"index, follow, max-snippet:-1, max-image-preview:large, max-video-preview:-1\" \/>\n<link rel=\"canonical\" href=\"https:\/\/rogersolernou.cat\/es\/\" \/>\n<meta property=\"og:locale\" content=\"es_ES\" \/>\n<meta property=\"og:type\" content=\"article\" \/>\n<meta property=\"og:title\" content=\"Inicio - Roger Solernou\" \/>\n<meta property=\"og:description\" content=\"Acompanyament psicoterap\u00e8utic individual i grupal. Ter\u00e0pia Gestalt amb perspectiva de g\u00e8nere, ter\u00e0pia sist\u00e8mica i reprocessament del trauma. Formaci\u00f3 en masculinitats Serveis Sobre mi S\u00f3c psicoterapeuta humanista i m&#8217;he format en ter\u00e0pia Gestalt, ter\u00e0pia sist\u00e8mica, psicoter\u00e0pia integrativa de Claudio Naranjo i ara cursant 2n del m\u00e8tode Aleceia de reprocessament del trauma. He sigut observador a la [&hellip;]\" \/>\n<meta property=\"og:url\" content=\"https:\/\/rogersolernou.cat\/es\/\" \/>\n<meta property=\"og:site_name\" content=\"Roger Solernou\" \/>\n<meta property=\"article:modified_time\" content=\"2026-03-30T16:17:13+00:00\" \/>\n<meta property=\"og:image\" content=\"https:\/\/rogersolernou.cat\/wp-content\/uploads\/2026\/03\/foto1-removebg-preview.png\" \/>\n<meta name=\"twitter:card\" content=\"summary_large_image\" \/>\n<meta name=\"twitter:label1\" content=\"Tiempo de lectura\" \/>\n\t<meta name=\"twitter:data1\" content=\"1 minuto\" \/>\n<script type=\"application\/ld+json\" class=\"yoast-schema-graph\">{\"@context\":\"https:\\\/\\\/schema.org\",\"@graph\":[{\"@type\":\"WebPage\",\"@id\":\"https:\\\/\\\/rogersolernou.cat\\\/\",\"url\":\"https:\\\/\\\/rogersolernou.cat\\\/\",\"name\":\"Inicio - Roger Solernou\",\"isPartOf\":{\"@id\":\"https:\\\/\\\/rogersolernou.cat\\\/#website\"},\"primaryImageOfPage\":{\"@id\":\"https:\\\/\\\/rogersolernou.cat\\\/#primaryimage\"},\"image\":{\"@id\":\"https:\\\/\\\/rogersolernou.cat\\\/#primaryimage\"},\"thumbnailUrl\":\"https:\\\/\\\/rogersolernou.cat\\\/wp-content\\\/uploads\\\/2026\\\/03\\\/foto1-removebg-preview.png\",\"datePublished\":\"2026-02-04T08:52:50+00:00\",\"dateModified\":\"2026-03-30T16:17:13+00:00\",\"breadcrumb\":{\"@id\":\"https:\\\/\\\/rogersolernou.cat\\\/#breadcrumb\"},\"inLanguage\":\"es\",\"potentialAction\":[{\"@type\":\"ReadAction\",\"target\":[\"https:\\\/\\\/rogersolernou.cat\\\/\"]}]},{\"@type\":\"ImageObject\",\"inLanguage\":\"es\",\"@id\":\"https:\\\/\\\/rogersolernou.cat\\\/#primaryimage\",\"url\":\"https:\\\/\\\/rogersolernou.cat\\\/wp-content\\\/uploads\\\/2026\\\/03\\\/foto1-removebg-preview.png\",\"contentUrl\":\"https:\\\/\\\/rogersolernou.cat\\\/wp-content\\\/uploads\\\/2026\\\/03\\\/foto1-removebg-preview.png\"},{\"@type\":\"BreadcrumbList\",\"@id\":\"https:\\\/\\\/rogersolernou.cat\\\/#breadcrumb\",\"itemListElement\":[{\"@type\":\"ListItem\",\"position\":1,\"name\":\"Portada\",\"item\":\"https:\\\/\\\/rogersolernou.cat\\\/\"},{\"@type\":\"ListItem\",\"position\":2,\"name\":\"Inicio\"}]},{\"@type\":\"WebSite\",\"@id\":\"https:\\\/\\\/rogersolernou.cat\\\/#website\",\"url\":\"https:\\\/\\\/rogersolernou.cat\\\/\",\"name\":\"Roger Solernou\",\"description\":\"Roger Solernou\",\"publisher\":{\"@id\":\"https:\\\/\\\/rogersolernou.cat\\\/#organization\"},\"potentialAction\":[{\"@type\":\"SearchAction\",\"target\":{\"@type\":\"EntryPoint\",\"urlTemplate\":\"https:\\\/\\\/rogersolernou.cat\\\/?s={search_term_string}\"},\"query-input\":{\"@type\":\"PropertyValueSpecification\",\"valueRequired\":true,\"valueName\":\"search_term_string\"}}],\"inLanguage\":\"es\"},{\"@type\":\"Organization\",\"@id\":\"https:\\\/\\\/rogersolernou.cat\\\/#organization\",\"name\":\"Roger Solernou\",\"url\":\"https:\\\/\\\/rogersolernou.cat\\\/\",\"logo\":{\"@type\":\"ImageObject\",\"inLanguage\":\"es\",\"@id\":\"https:\\\/\\\/rogersolernou.cat\\\/#\\\/schema\\\/logo\\\/image\\\/\",\"url\":\"https:\\\/\\\/rogersolernou.cat\\\/wp-content\\\/uploads\\\/2026\\\/02\\\/logo_web.png\",\"contentUrl\":\"https:\\\/\\\/rogersolernou.cat\\\/wp-content\\\/uploads\\\/2026\\\/02\\\/logo_web.png\",\"width\":1080,\"height\":1080,\"caption\":\"Roger Solernou\"},\"image\":{\"@id\":\"https:\\\/\\\/rogersolernou.cat\\\/#\\\/schema\\\/logo\\\/image\\\/\"}}]}<\/script>\n<!-- \/ Yoast SEO plugin. -->","yoast_head_json":{"title":"Inicio - Roger Solernou","robots":{"index":"index","follow":"follow","max-snippet":"max-snippet:-1","max-image-preview":"max-image-preview:large","max-video-preview":"max-video-preview:-1"},"canonical":"https:\/\/rogersolernou.cat\/es\/","og_locale":"es_ES","og_type":"article","og_title":"Inicio - Roger Solernou","og_description":"Acompanyament psicoterap\u00e8utic individual i grupal. Ter\u00e0pia Gestalt amb perspectiva de g\u00e8nere, ter\u00e0pia sist\u00e8mica i reprocessament del trauma. Formaci\u00f3 en masculinitats Serveis Sobre mi S\u00f3c psicoterapeuta humanista i m&#8217;he format en ter\u00e0pia Gestalt, ter\u00e0pia sist\u00e8mica, psicoter\u00e0pia integrativa de Claudio Naranjo i ara cursant 2n del m\u00e8tode Aleceia de reprocessament del trauma. He sigut observador a la [&hellip;]","og_url":"https:\/\/rogersolernou.cat\/es\/","og_site_name":"Roger Solernou","article_modified_time":"2026-03-30T16:17:13+00:00","og_image":[{"url":"https:\/\/rogersolernou.cat\/wp-content\/uploads\/2026\/03\/foto1-removebg-preview.png","type":"","width":"","height":""}],"twitter_card":"summary_large_image","twitter_misc":{"Tiempo de lectura":"1 minuto"},"schema":{"@context":"https:\/\/schema.org","@graph":[{"@type":"WebPage","@id":"https:\/\/rogersolernou.cat\/","url":"https:\/\/rogersolernou.cat\/","name":"Inicio - Roger Solernou","isPartOf":{"@id":"https:\/\/rogersolernou.cat\/#website"},"primaryImageOfPage":{"@id":"https:\/\/rogersolernou.cat\/#primaryimage"},"image":{"@id":"https:\/\/rogersolernou.cat\/#primaryimage"},"thumbnailUrl":"https:\/\/rogersolernou.cat\/wp-content\/uploads\/2026\/03\/foto1-removebg-preview.png","datePublished":"2026-02-04T08:52:50+00:00","dateModified":"2026-03-30T16:17:13+00:00","breadcrumb":{"@id":"https:\/\/rogersolernou.cat\/#breadcrumb"},"inLanguage":"es","potentialAction":[{"@type":"ReadAction","target":["https:\/\/rogersolernou.cat\/"]}]},{"@type":"ImageObject","inLanguage":"es","@id":"https:\/\/rogersolernou.cat\/#primaryimage","url":"https:\/\/rogersolernou.cat\/wp-content\/uploads\/2026\/03\/foto1-removebg-preview.png","contentUrl":"https:\/\/rogersolernou.cat\/wp-content\/uploads\/2026\/03\/foto1-removebg-preview.png"},{"@type":"BreadcrumbList","@id":"https:\/\/rogersolernou.cat\/#breadcrumb","itemListElement":[{"@type":"ListItem","position":1,"name":"Portada","item":"https:\/\/rogersolernou.cat\/"},{"@type":"ListItem","position":2,"name":"Inicio"}]},{"@type":"WebSite","@id":"https:\/\/rogersolernou.cat\/#website","url":"https:\/\/rogersolernou.cat\/","name":"Roger Solernou","description":"Roger Solernou","publisher":{"@id":"https:\/\/rogersolernou.cat\/#organization"},"potentialAction":[{"@type":"SearchAction","target":{"@type":"EntryPoint","urlTemplate":"https:\/\/rogersolernou.cat\/?s={search_term_string}"},"query-input":{"@type":"PropertyValueSpecification","valueRequired":true,"valueName":"search_term_string"}}],"inLanguage":"es"},{"@type":"Organization","@id":"https:\/\/rogersolernou.cat\/#organization","name":"Roger Solernou","url":"https:\/\/rogersolernou.cat\/","logo":{"@type":"ImageObject","inLanguage":"es","@id":"https:\/\/rogersolernou.cat\/#\/schema\/logo\/image\/","url":"https:\/\/rogersolernou.cat\/wp-content\/uploads\/2026\/02\/logo_web.png","contentUrl":"https:\/\/rogersolernou.cat\/wp-content\/uploads\/2026\/02\/logo_web.png","width":1080,"height":1080,"caption":"Roger Solernou"},"image":{"@id":"https:\/\/rogersolernou.cat\/#\/schema\/logo\/image\/"}}]}},"_links":{"self":[{"href":"https:\/\/rogersolernou.cat\/es\/wp-json\/wp\/v2\/pages\/2","targetHints":{"allow":["GET"]}}],"collection":[{"href":"https:\/\/rogersolernou.cat\/es\/wp-json\/wp\/v2\/pages"}],"about":[{"href":"https:\/\/rogersolernou.cat\/es\/wp-json\/wp\/v2\/types\/page"}],"author":[{"embeddable":true,"href":"https:\/\/rogersolernou.cat\/es\/wp-json\/wp\/v2\/users\/1"}],"replies":[{"embeddable":true,"href":"https:\/\/rogersolernou.cat\/es\/wp-json\/wp\/v2\/comments?post=2"}],"version-history":[{"count":367,"href":"https:\/\/rogersolernou.cat\/es\/wp-json\/wp\/v2\/pages\/2\/revisions"}],"predecessor-version":[{"id":1340,"href":"https:\/\/rogersolernou.cat\/es\/wp-json\/wp\/v2\/pages\/2\/revisions\/1340"}],"wp:attachment":[{"href":"https:\/\/rogersolernou.cat\/es\/wp-json\/wp\/v2\/media?parent=2"}],"curies":[{"name":"wp","href":"https:\/\/api.w.org\/{rel}","templated":true}]}}